{"id":5681,"date":"2021-10-06T15:29:12","date_gmt":"2021-10-06T14:29:12","guid":{"rendered":"https:\/\/ntkmarine.com\/fr\/?post_type=product&#038;p=5681"},"modified":"2021-10-06T15:40:24","modified_gmt":"2021-10-06T14:40:24","slug":"okean-50-x","status":"publish","type":"product","link":"https:\/\/ntkmarine.com\/en\/product\/okean-50-x\/","title":{"rendered":"OKEAN 50 X"},"content":{"rendered":"<p class=\"qtranxs-available-languages-message qtranxs-available-languages-message-en\">Sorry, this entry is only available in <a href=\"https:\/\/ntkmarine.com\/fr\/wp-json\/wp\/v2\/product\/5681\" class=\"qtranxs-available-language-link qtranxs-available-language-link-fr\" title=\"Fran\u00e7ais\">French<\/a>.<\/p>","protected":false},"excerpt":{"rendered":"<p class=\"qtranxs-available-languages-message qtranxs-available-languages-message-en\">Sorry, this entry is only available in <a href=\"https:\/\/ntkmarine.com\/fr\/wp-json\/wp\/v2\/product\/5681\" class=\"qtranxs-available-language-link qtranxs-available-language-link-fr\" title=\"Fran\u00e7ais\">French<\/a>.<\/p>\n","protected":false},"featured_media":5682,"comment_status":"closed","ping_status":"closed","template":"","meta":[],"yoast_head":"<!-- This site is optimized with the Yoast SEO plugin v19.3 - https:\/\/yoast.com\/wordpress\/plugins\/seo\/ -->\n<title>OKEAN 50 X - NTK Marine : Yachts \u00e0 la vente, yachts location, gestion yacht<\/title>\n<meta name=\"robots\" content=\"index, follow, max-snippet:-1, max-image-preview:large, max-video-preview:-1\" \/>\n<link rel=\"canonical\" href=\"https:\/\/ntkmarine.com\/produit\/okean-50-x\/\" \/>\n<meta property=\"og:locale\" content=\"en_US\" \/>\n<meta property=\"og:type\" content=\"article\" \/>\n<meta property=\"og:title\" content=\"OKEAN 50 X - NTK Marine : Yachts \u00e0 la vente, yachts location, gestion yacht\" \/>\n<meta property=\"og:description\" content=\"[:fr]La version Explorer d&#039;OKEAN 50 a \u00e9t\u00e9 con\u00e7ue pour naviguer avec un plus grand volume d&#039;\u00e9quipement \u00e0 bord. OKEAN 50 X offre confort, s\u00e9curit\u00e9, vitesse et faible consommation de carburant.[:]\" \/>\n<meta property=\"og:url\" content=\"https:\/\/ntkmarine.com\/produit\/okean-50-x\/\" \/>\n<meta property=\"og:site_name\" content=\"NTK Marine : Yachts \u00e0 la vente, yachts location, gestion yacht\" \/>\n<meta property=\"article:publisher\" content=\"https:\/\/www.facebook.com\/ntkmarine\" \/>\n<meta property=\"article:modified_time\" content=\"2021-10-06T14:40:24+00:00\" \/>\n<meta property=\"og:image\" content=\"https:\/\/ntkmarine.com\/wp-content\/uploads\/2021\/10\/Capture-d\u2019\u00e9cran-2021-09-28-\u00e0-11.18.07.png\" \/>\n\t<meta property=\"og:image:width\" content=\"659\" \/>\n\t<meta property=\"og:image:height\" content=\"412\" \/>\n\t<meta property=\"og:image:type\" content=\"image\/png\" \/>\n<meta name=\"twitter:card\" content=\"summary\" \/>\n<meta name=\"twitter:site\" content=\"@VanDutch_Marine\" \/>\n<meta name=\"twitter:label1\" content=\"Est. reading time\" \/>\n\t<meta name=\"twitter:data1\" content=\"1 minute\" \/>\n<script type=\"application\/ld+json\" class=\"yoast-schema-graph\">{\"@context\":\"https:\/\/schema.org\",\"@graph\":[{\"@type\":\"WebSite\",\"@id\":\"https:\/\/ntkmarine.com\/#website\",\"url\":\"https:\/\/ntkmarine.com\/\",\"name\":\"NTK Marine : Yachts \u00e0 la vente, yachts location, gestion yacht\",\"description\":\"Luxury Yacht Tender - NTK Marine : Yachts \u00e0 la vente, yachts location, gestion yacht\",\"potentialAction\":[{\"@type\":\"SearchAction\",\"target\":{\"@type\":\"EntryPoint\",\"urlTemplate\":\"https:\/\/ntkmarine.com\/?s={search_term_string}\"},\"query-input\":\"required name=search_term_string\"}],\"inLanguage\":\"en-US\"},{\"@type\":\"ImageObject\",\"inLanguage\":\"en-US\",\"@id\":\"https:\/\/ntkmarine.com\/produit\/okean-50-x\/#primaryimage\",\"url\":\"https:\/\/ntkmarine.com\/wp-content\/uploads\/2021\/10\/Capture-d\u2019\u00e9cran-2021-09-28-\u00e0-11.18.07.png\",\"contentUrl\":\"https:\/\/ntkmarine.com\/wp-content\/uploads\/2021\/10\/Capture-d\u2019\u00e9cran-2021-09-28-\u00e0-11.18.07.png\",\"width\":659,\"height\":412},{\"@type\":\"WebPage\",\"@id\":\"https:\/\/ntkmarine.com\/produit\/okean-50-x\/\",\"url\":\"https:\/\/ntkmarine.com\/produit\/okean-50-x\/\",\"name\":\"OKEAN 50 X - NTK Marine : Yachts \u00e0 la vente, yachts location, gestion yacht\",\"isPartOf\":{\"@id\":\"https:\/\/ntkmarine.com\/#website\"},\"primaryImageOfPage\":{\"@id\":\"https:\/\/ntkmarine.com\/produit\/okean-50-x\/#primaryimage\"},\"datePublished\":\"2021-10-06T14:29:12+00:00\",\"dateModified\":\"2021-10-06T14:40:24+00:00\",\"breadcrumb\":{\"@id\":\"https:\/\/ntkmarine.com\/produit\/okean-50-x\/#breadcrumb\"},\"inLanguage\":\"en-US\",\"potentialAction\":[{\"@type\":\"ReadAction\",\"target\":[\"https:\/\/ntkmarine.com\/produit\/okean-50-x\/\"]}]},{\"@type\":\"BreadcrumbList\",\"@id\":\"https:\/\/ntkmarine.com\/produit\/okean-50-x\/#breadcrumb\",\"itemListElement\":[{\"@type\":\"ListItem\",\"position\":1,\"name\":\"Accueil\",\"item\":\"https:\/\/ntkmarine.com\/\"},{\"@type\":\"ListItem\",\"position\":2,\"name\":\"Produits\",\"item\":\"https:\/\/ntkmarine.com\/shop\/\"},{\"@type\":\"ListItem\",\"position\":3,\"name\":\"OKEAN 50 X\"}]}]}<\/script>\n<!-- \/ Yoast SEO plugin. -->","yoast_head_json":{"title":"OKEAN 50 X - NTK Marine : Yachts \u00e0 la vente, yachts location, gestion yacht","robots":{"index":"index","follow":"follow","max-snippet":"max-snippet:-1","max-image-preview":"max-image-preview:large","max-video-preview":"max-video-preview:-1"},"canonical":"https:\/\/ntkmarine.com\/produit\/okean-50-x\/","og_locale":"en_US","og_type":"article","og_title":"OKEAN 50 X - NTK Marine : Yachts \u00e0 la vente, yachts location, gestion yacht","og_description":"[:fr]La version Explorer d'OKEAN 50 a \u00e9t\u00e9 con\u00e7ue pour naviguer avec un plus grand volume d'\u00e9quipement \u00e0 bord. OKEAN 50 X offre confort, s\u00e9curit\u00e9, vitesse et faible consommation de carburant.[:]","og_url":"https:\/\/ntkmarine.com\/produit\/okean-50-x\/","og_site_name":"NTK Marine : Yachts \u00e0 la vente, yachts location, gestion yacht","article_publisher":"https:\/\/www.facebook.com\/ntkmarine","article_modified_time":"2021-10-06T14:40:24+00:00","og_image":[{"width":659,"height":412,"url":"https:\/\/ntkmarine.com\/wp-content\/uploads\/2021\/10\/Capture-d\u2019\u00e9cran-2021-09-28-\u00e0-11.18.07.png","type":"image\/png"}],"twitter_card":"summary","twitter_site":"@VanDutch_Marine","twitter_misc":{"Est. reading time":"1 minute"},"schema":{"@context":"https:\/\/schema.org","@graph":[{"@type":"WebSite","@id":"https:\/\/ntkmarine.com\/#website","url":"https:\/\/ntkmarine.com\/","name":"NTK Marine : Yachts \u00e0 la vente, yachts location, gestion yacht","description":"Luxury Yacht Tender - NTK Marine : Yachts \u00e0 la vente, yachts location, gestion yacht","potentialAction":[{"@type":"SearchAction","target":{"@type":"EntryPoint","urlTemplate":"https:\/\/ntkmarine.com\/?s={search_term_string}"},"query-input":"required name=search_term_string"}],"inLanguage":"en-US"},{"@type":"ImageObject","inLanguage":"en-US","@id":"https:\/\/ntkmarine.com\/produit\/okean-50-x\/#primaryimage","url":"https:\/\/ntkmarine.com\/wp-content\/uploads\/2021\/10\/Capture-d\u2019\u00e9cran-2021-09-28-\u00e0-11.18.07.png","contentUrl":"https:\/\/ntkmarine.com\/wp-content\/uploads\/2021\/10\/Capture-d\u2019\u00e9cran-2021-09-28-\u00e0-11.18.07.png","width":659,"height":412},{"@type":"WebPage","@id":"https:\/\/ntkmarine.com\/produit\/okean-50-x\/","url":"https:\/\/ntkmarine.com\/produit\/okean-50-x\/","name":"OKEAN 50 X - NTK Marine : Yachts \u00e0 la vente, yachts location, gestion yacht","isPartOf":{"@id":"https:\/\/ntkmarine.com\/#website"},"primaryImageOfPage":{"@id":"https:\/\/ntkmarine.com\/produit\/okean-50-x\/#primaryimage"},"datePublished":"2021-10-06T14:29:12+00:00","dateModified":"2021-10-06T14:40:24+00:00","breadcrumb":{"@id":"https:\/\/ntkmarine.com\/produit\/okean-50-x\/#breadcrumb"},"inLanguage":"en-US","potentialAction":[{"@type":"ReadAction","target":["https:\/\/ntkmarine.com\/produit\/okean-50-x\/"]}]},{"@type":"BreadcrumbList","@id":"https:\/\/ntkmarine.com\/produit\/okean-50-x\/#breadcrumb","itemListElement":[{"@type":"ListItem","position":1,"name":"Accueil","item":"https:\/\/ntkmarine.com\/"},{"@type":"ListItem","position":2,"name":"Produits","item":"https:\/\/ntkmarine.com\/shop\/"},{"@type":"ListItem","position":3,"name":"OKEAN 50 X"}]}]}},"_links":{"self":[{"href":"https:\/\/ntkmarine.com\/en\/wp-json\/wp\/v2\/product\/5681"}],"collection":[{"href":"https:\/\/ntkmarine.com\/en\/wp-json\/wp\/v2\/product"}],"about":[{"href":"https:\/\/ntkmarine.com\/en\/wp-json\/wp\/v2\/types\/product"}],"replies":[{"embeddable":true,"href":"https:\/\/ntkmarine.com\/en\/wp-json\/wp\/v2\/comments?post=5681"}],"wp:featuredmedia":[{"embeddable":true,"href":"https:\/\/ntkmarine.com\/en\/wp-json\/wp\/v2\/media\/5682"}],"wp:attachment":[{"href":"https:\/\/ntkmarine.com\/en\/wp-json\/wp\/v2\/media?parent=5681"}],"curies":[{"name":"wp","href":"https:\/\/api.w.org\/{rel}","templated":true}]}}