{"id":976,"date":"2014-11-18T12:26:40","date_gmt":"2014-11-18T11:26:40","guid":{"rendered":"http:\/\/ntkmarine.com\/?page_id=976"},"modified":"2024-06-04T23:47:07","modified_gmt":"2024-06-04T22:47:07","slug":"partenaires","status":"publish","type":"page","link":"https:\/\/ntkmarine.com\/en\/partners\/","title":{"rendered":"Partners"},"content":{"rendered":"<figure class=\"wp-block-gallery has-nested-images columns-default is-cropped\">\r\n<figure class=\"wp-block-image size-large\"><a href=\"https:\/\/ntkmarine.com\/wp-content\/uploads\/2024\/06\/logo-Dayboat24-2.jpg\"><img loading=\"lazy\" width=\"1024\" height=\"323\" class=\"wp-image-6009 aligncenter\" src=\"https:\/\/ntkmarine.com\/wp-content\/uploads\/2024\/06\/logo-Dayboat24-2-1024x323.jpg\" alt=\"\" srcset=\"https:\/\/ntkmarine.com\/wp-content\/uploads\/2024\/06\/logo-Dayboat24-2-1024x323.jpg 1024w, https:\/\/ntkmarine.com\/wp-content\/uploads\/2024\/06\/logo-Dayboat24-2-980x309.jpg 980w, https:\/\/ntkmarine.com\/wp-content\/uploads\/2024\/06\/logo-Dayboat24-2-300x95.jpg 300w, https:\/\/ntkmarine.com\/wp-content\/uploads\/2024\/06\/logo-Dayboat24-2-768x242.jpg 768w, https:\/\/ntkmarine.com\/wp-content\/uploads\/2024\/06\/logo-Dayboat24-2.jpg 1309w\" sizes=\"(max-width: 1024px) 100vw, 1024px\" \/><\/a><\/figure>\r\n<\/figure>\r\n\r\n<h2>DayBoat Expo<\/h2>\r\n\r\n<p>&nbsp;<\/p>\r\n\r\n<p>Un \u00e9v\u00e9nement nautique exclusif qui a pris le large du 17 au 19 mai 2024, o\u00f9 une quinzaine d\u2019exposants d\u00e9voileront une flotte exceptionnelle de voiliers et de bateaux \u00e0 moteur. Entre d\u00e9couvertes nautiques et rencontres avec des repr\u00e9sentants de marques de renom qui pr\u00e9sentent leurs produits et services d\u2019exception.<\/p>\r\n\r\n\r\n\r\n<p><a href=\"https:\/\/www.dayboatexpo.com\/\">https:\/\/www.dayboatexpo.com\/<\/a><\/p>\r\n\r\n<p>&nbsp;<\/p>\r\n<div class=\"wp-block-image\">\r\n<figure class=\"aligncenter size-full is-resized\"><a href=\"https:\/\/ntkmarine.com\/wp-content\/uploads\/2024\/06\/images-1.png\"><img loading=\"lazy\" class=\"wp-image-6010 aligncenter\" src=\"https:\/\/ntkmarine.com\/wp-content\/uploads\/2024\/06\/images-1.png\" alt=\"\" width=\"393\" height=\"262\" \/><\/a><\/figure><\/div>\r\n<p>&nbsp;<\/p>\r\n\r\n<h2>McLaren<\/h2>\r\n\r\n<p>&nbsp;<\/p>\r\n\r\n<p><a href=\"https:\/\/fr.wikipedia.org\/wiki\/Constructeur_automobile\">constructeur automobile<\/a> <a href=\"https:\/\/fr.wikipedia.org\/wiki\/Royaume-Uni\">britannique<\/a> cr\u00e9\u00e9 en <a href=\"https:\/\/fr.wikipedia.org\/wiki\/1989\">1989<\/a>, branche du <a href=\"https:\/\/fr.wikipedia.org\/wiki\/McLaren_Technology_Group\">McLaren Technology Group<\/a>, sp\u00e9cialis\u00e9 dans la conception de <a href=\"https:\/\/fr.wikipedia.org\/wiki\/Voiture_de_sport\">voitures de sport<\/a> de haut de gamme.<\/p>\r\n\r\n<p>&nbsp;<\/p>\r\n\r\n<p><a href=\"https:\/\/www.mclaren.com\/\">https:\/\/www.mclaren.com\/<\/a><\/p>\r\n\r\n<p>&nbsp;<\/p>\r\n\r\n<figure class=\"wp-block-image\"><img alt=\"\" \/><\/figure>\r\n\r\n<p>&nbsp;<\/p>\r\n\r\n<figure class=\"wp-block-image\"><img alt=\"\" \/><\/figure>\r\n\r\n<p>&nbsp;<\/p>\r\n\r\n<figure class=\"wp-block-image\"><img alt=\"\" \/><\/figure>\r\n\r\n<p>&nbsp;<\/p>\r\n\r\n<figure class=\"wp-container-2 wp-block-gallery-1 wp-block-gallery has-nested-images columns-default is-cropped\"><\/figure>\r\n<p style=\"text-align: center;\"><strong>NTK Marine holds events and partnerships that demonstrate innovation, tradition and design.\u00a0We partner with businesses that provide dealings align to\u00a0our business objectives and help us build stronger relationships with our key stakeholders. <\/strong><\/p>\r\n<h3 style=\"text-align: center;\"><strong>NTK Marine is pleased to share his mission with the following partners.<\/strong><\/h3>\r\n<div style=\"background: #f7f7f7; margin-bottom: 19px; padding: 10px 0;\">\r\n<div class=\"col-sm-4 text-center\"><img class=\"img-responsive aligncenter\" src=\"\/wp-content\/uploads\/2014\/11\/ntkmarine-vandutch.jpg\" alt=\"\" \/><\/div>\r\n<div class=\"col-sm-8 text-justify\">\r\n<h2>VANDUTCH<\/h2>\r\n<p>Established in 2008, the aim for VanDutch was to create a luxury yacht that was fast, uniquely stylized and incredibly powerful. With this focus in mind, the VanDutch 40 was released to the market and instantly changed the face of yachting forever. Since 2013, we offer VanDutch 55, which is presently in popular demand.<\/p>\r\n<p>Today, the VanDutch range has expanded to include the day-boat VanDutch 30, to the imposing and impressive VanDutch 75, which can be found on the site. You will also find pre-owned yachts of all sizes based across the globe, and opportunities to try out the yachts for yourself as charters, in some of the most beautiful places in the world.<\/p>\r\n<p class=\"text-right\"><strong><a title=\"Vandutch Official Site\" href=\"http:\/\/vandutch.fr\/\">Vandutch Official Site<\/a><\/strong><\/p>\r\n<\/div>\r\n<div class=\"clear\">\u00a0<\/div>\r\n<\/div>\r\n<div style=\"background: #f7f7f7; margin-bottom: 19px; padding: 10px 0;\">\r\n<div class=\"col-sm-4 text-center\"><img class=\"img-responsive aligncenter\" src=\"\/wp-content\/uploads\/2014\/11\/vanguard-store-ntkmarine-vandutch.jpg\" alt=\"\" \/><\/div>\r\n<div class=\"col-sm-8 text-justify\">\r\n<h2>VANGUARD STORE<\/h2>\r\n<p>Vanguard Store is a company that offers a premium service in products and luxury toys around the sports and yachting industry. Our relationships with customers, combined with our show room located in Golfe Juan ( Port Camille Rayon ) and the many events organized in Saint-Tropez, Cannes, Monaco&#8230; make Vanguard Store the specialist in design toys for yachts, tenders and accessories sports upscale.<\/p>\r\n<p class=\"text-right\"><strong><a title=\"Vanguard Store\" href=\"http:\/\/www.vertu.com\/\">Vanguard Store\u00a0<\/a><\/strong><\/p>\r\n<\/div>\r\n<\/div>\r\n\r\n<figure class=\"wp-container-4 wp-block-gallery-3 wp-block-gallery has-nested-images columns-default is-cropped\"><!-- wp:image {\"id\":6009,\"sizeSlug\":\"large\",\"linkDestination\":\"media\"} -->\r\n<figure class=\"wp-block-image size-large\"><a href=\"https:\/\/ntkmarine.com\/wp-content\/uploads\/2024\/06\/logo-Dayboat24-2.jpg\"><img loading=\"lazy\" width=\"1024\" height=\"323\" class=\"wp-image-6009 aligncenter\" src=\"https:\/\/ntkmarine.com\/wp-content\/uploads\/2024\/06\/logo-Dayboat24-2-1024x323.jpg\" alt=\"\" srcset=\"https:\/\/ntkmarine.com\/wp-content\/uploads\/2024\/06\/logo-Dayboat24-2-1024x323.jpg 1024w, https:\/\/ntkmarine.com\/wp-content\/uploads\/2024\/06\/logo-Dayboat24-2-980x309.jpg 980w, https:\/\/ntkmarine.com\/wp-content\/uploads\/2024\/06\/logo-Dayboat24-2-300x95.jpg 300w, https:\/\/ntkmarine.com\/wp-content\/uploads\/2024\/06\/logo-Dayboat24-2-768x242.jpg 768w, https:\/\/ntkmarine.com\/wp-content\/uploads\/2024\/06\/logo-Dayboat24-2.jpg 1309w\" sizes=\"(max-width: 1024px) 100vw, 1024px\" \/><\/a><\/figure>\r\n<\/figure>\r\n<!-- wp:heading -->\r\n<h2>DayBoat Expo<\/h2>\r\n<!-- \/wp:heading -->\r\n<p>&nbsp;<\/p>\r\n<!-- wp:paragraph -->\r\n<p>Un \u00e9v\u00e9nement nautique exclusif qui a pris le large du 17 au 19 mai 2024, o\u00f9 une quinzaine d\u2019exposants d\u00e9voileront une flotte exceptionnelle de voiliers et de bateaux \u00e0 moteur. Entre d\u00e9couvertes nautiques et rencontres avec des repr\u00e9sentants de marques de renom qui pr\u00e9sentent leurs produits et services d\u2019exception.<\/p>\r\n<!-- \/wp:paragraph -->\r\n\r\n<!-- wp:paragraph -->\r\n<p><a href=\"https:\/\/www.dayboatexpo.com\/\">https:\/\/www.dayboatexpo.com\/<\/a><\/p>\r\n<!-- \/wp:paragraph -->\r\n<p>&nbsp;<\/p>\r\n<!-- wp:image {\"align\":\"center\",\"id\":6010,\"width\":393,\"height\":262,\"sizeSlug\":\"full\",\"linkDestination\":\"media\"} -->\r\n<figure class=\"wp-block-image aligncenter size-full is-resized\"><a href=\"https:\/\/ntkmarine.com\/wp-content\/uploads\/2024\/06\/images-1.png\"><img loading=\"lazy\" class=\"wp-image-6010 aligncenter\" src=\"https:\/\/ntkmarine.com\/wp-content\/uploads\/2024\/06\/images-1.png\" alt=\"\" width=\"393\" height=\"262\" \/><\/a><\/figure>\r\n<!-- \/wp:image -->\r\n<p>&nbsp;<\/p>\r\n<!-- wp:heading -->\r\n<h2>McLaren<\/h2>\r\n<!-- \/wp:heading -->\r\n<p>&nbsp;<\/p>\r\n<!-- wp:paragraph -->\r\n<p><a href=\"https:\/\/fr.wikipedia.org\/wiki\/Constructeur_automobile\">constructeur automobile<\/a> <a href=\"https:\/\/fr.wikipedia.org\/wiki\/Royaume-Uni\">britannique<\/a> cr\u00e9\u00e9 en <a href=\"https:\/\/fr.wikipedia.org\/wiki\/1989\">1989<\/a>, branche du <a href=\"https:\/\/fr.wikipedia.org\/wiki\/McLaren_Technology_Group\">McLaren Technology Group<\/a>, sp\u00e9cialis\u00e9 dans la conception de <a href=\"https:\/\/fr.wikipedia.org\/wiki\/Voiture_de_sport\">voitures de sport<\/a> de haut de gamme.<\/p>\r\n<!-- \/wp:paragraph -->\r\n<p>&nbsp;<\/p>\r\n<!-- wp:paragraph -->\r\n<p><a href=\"https:\/\/www.mclaren.com\/\">https:\/\/www.mclaren.com\/<\/a><\/p>\r\n<!-- \/wp:paragraph -->\r\n<p>&nbsp;<\/p>\r\n<!-- wp:image -->\r\n<figure class=\"wp-block-image\"><img alt=\"\" \/><\/figure>\r\n<!-- \/wp:image -->\r\n<p>&nbsp;<\/p>\r\n<!-- wp:image -->\r\n<figure class=\"wp-block-image\"><img alt=\"\" \/><\/figure>\r\n<!-- \/wp:image -->\r\n<p>&nbsp;<\/p>\r\n<!-- wp:image -->\r\n<figure class=\"wp-block-image\"><img alt=\"\" \/><\/figure>\r\n<!-- \/wp:image -->\r\n<p>&nbsp;<\/p>\r\n<!-- wp:gallery {\"linkTo\":\"file\"} -->\r\n<figure class=\"wp-block-gallery has-nested-images columns-default is-cropped\"><\/figure>\r\n<!-- \/wp:gallery -->","protected":false},"excerpt":{"rendered":"<p>NTK Marine holds events and partnerships that demonstrate innovation, tradition and design.\u00a0We partner with businesses that provide dealings align to\u00a0our business objectives and help us build stronger relationships with our key stakeholders. NTK Marine is pleased to share his mission with the following partners. VANDUTCH Established in 2008, the aim for VanDutch was to create [&hellip;]<\/p>\n","protected":false},"author":4,"featured_media":0,"parent":0,"menu_order":0,"comment_status":"closed","ping_status":"open","template":"","meta":[],"yoast_head":"<!-- This site is optimized with the Yoast SEO plugin v19.3 - https:\/\/yoast.com\/wordpress\/plugins\/seo\/ -->\n<title>Partnership NTK Marine VanDutch Yacht<\/title>\n<meta name=\"description\" content=\"Partnership NTK Marine VanDutch Yacht. NTK Marine holds events and partnerships that exemplify innovation, tradition and design.\" \/>\n<meta name=\"robots\" content=\"index, follow, max-snippet:-1, max-image-preview:large, max-video-preview:-1\" \/>\n<link rel=\"canonical\" href=\"https:\/\/ntkmarine.com\/en\/partners\/\" \/>\n<meta property=\"og:locale\" content=\"en_US\" \/>\n<meta property=\"og:type\" content=\"article\" \/>\n<meta property=\"og:title\" content=\"Partnership NTK Marine VanDutch Yacht\" \/>\n<meta property=\"og:description\" content=\"Partnership NTK Marine VanDutch Yacht. NTK Marine holds events and partnerships that exemplify innovation, tradition and design.\" \/>\n<meta property=\"og:url\" content=\"https:\/\/ntkmarine.com\/en\/partners\/\" \/>\n<meta property=\"og:site_name\" content=\"NTK Marine : Yachts \u00e0 la vente, yachts location, gestion yacht\" \/>\n<meta property=\"article:publisher\" content=\"https:\/\/www.facebook.com\/ntkmarine\" \/>\n<meta property=\"article:modified_time\" content=\"2024-06-04T22:47:07+00:00\" \/>\n<meta property=\"og:image\" content=\"https:\/\/ntkmarine.com\/wp-content\/uploads\/2024\/06\/logo-Dayboat24-2-1024x323.jpg\" \/>\n<meta name=\"twitter:card\" content=\"summary\" \/>\n<meta name=\"twitter:site\" content=\"@VanDutch_Marine\" \/>\n<meta name=\"twitter:label1\" content=\"Est. reading time\" \/>\n\t<meta name=\"twitter:data1\" content=\"3 minutes\" \/>\n<script type=\"application\/ld+json\" class=\"yoast-schema-graph\">{\"@context\":\"https:\/\/schema.org\",\"@graph\":[{\"@type\":\"WebSite\",\"@id\":\"https:\/\/ntkmarine.com\/#website\",\"url\":\"https:\/\/ntkmarine.com\/\",\"name\":\"NTK Marine : Yachts \u00e0 la vente, yachts location, gestion yacht\",\"description\":\"Luxury Yacht Tender - NTK Marine : Yachts \u00e0 la vente, yachts location, gestion yacht\",\"potentialAction\":[{\"@type\":\"SearchAction\",\"target\":{\"@type\":\"EntryPoint\",\"urlTemplate\":\"https:\/\/ntkmarine.com\/?s={search_term_string}\"},\"query-input\":\"required name=search_term_string\"}],\"inLanguage\":\"en-US\"},{\"@type\":\"ImageObject\",\"inLanguage\":\"en-US\",\"@id\":\"https:\/\/ntkmarine.com\/en\/partners\/#primaryimage\",\"url\":\"https:\/\/ntkmarine.com\/wp-content\/uploads\/2024\/06\/logo-Dayboat24-2.jpg\",\"contentUrl\":\"https:\/\/ntkmarine.com\/wp-content\/uploads\/2024\/06\/logo-Dayboat24-2.jpg\",\"width\":1309,\"height\":413},{\"@type\":\"WebPage\",\"@id\":\"https:\/\/ntkmarine.com\/en\/partners\/\",\"url\":\"https:\/\/ntkmarine.com\/en\/partners\/\",\"name\":\"Partnership NTK Marine VanDutch Yacht\",\"isPartOf\":{\"@id\":\"https:\/\/ntkmarine.com\/#website\"},\"primaryImageOfPage\":{\"@id\":\"https:\/\/ntkmarine.com\/en\/partners\/#primaryimage\"},\"datePublished\":\"2014-11-18T11:26:40+00:00\",\"dateModified\":\"2024-06-04T22:47:07+00:00\",\"description\":\"Partnership NTK Marine VanDutch Yacht. NTK Marine holds events and partnerships that exemplify innovation, tradition and design.\",\"breadcrumb\":{\"@id\":\"https:\/\/ntkmarine.com\/en\/partners\/#breadcrumb\"},\"inLanguage\":\"en-US\",\"potentialAction\":[{\"@type\":\"ReadAction\",\"target\":[\"https:\/\/ntkmarine.com\/en\/partners\/\"]}]},{\"@type\":\"BreadcrumbList\",\"@id\":\"https:\/\/ntkmarine.com\/en\/partners\/#breadcrumb\",\"itemListElement\":[{\"@type\":\"ListItem\",\"position\":1,\"name\":\"Accueil\",\"item\":\"https:\/\/ntkmarine.com\/\"},{\"@type\":\"ListItem\",\"position\":2,\"name\":\"Partners\"}]}]}<\/script>\n<!-- \/ Yoast SEO plugin. -->","yoast_head_json":{"title":"Partnership NTK Marine VanDutch Yacht","description":"Partnership NTK Marine VanDutch Yacht. NTK Marine holds events and partnerships that exemplify innovation, tradition and design.","robots":{"index":"index","follow":"follow","max-snippet":"max-snippet:-1","max-image-preview":"max-image-preview:large","max-video-preview":"max-video-preview:-1"},"canonical":"https:\/\/ntkmarine.com\/en\/partners\/","og_locale":"en_US","og_type":"article","og_title":"Partnership NTK Marine VanDutch Yacht","og_description":"Partnership NTK Marine VanDutch Yacht. NTK Marine holds events and partnerships that exemplify innovation, tradition and design.","og_url":"https:\/\/ntkmarine.com\/en\/partners\/","og_site_name":"NTK Marine : Yachts \u00e0 la vente, yachts location, gestion yacht","article_publisher":"https:\/\/www.facebook.com\/ntkmarine","article_modified_time":"2024-06-04T22:47:07+00:00","og_image":[{"url":"https:\/\/ntkmarine.com\/wp-content\/uploads\/2024\/06\/logo-Dayboat24-2-1024x323.jpg"}],"twitter_card":"summary","twitter_site":"@VanDutch_Marine","twitter_misc":{"Est. reading time":"3 minutes"},"schema":{"@context":"https:\/\/schema.org","@graph":[{"@type":"WebSite","@id":"https:\/\/ntkmarine.com\/#website","url":"https:\/\/ntkmarine.com\/","name":"NTK Marine : Yachts \u00e0 la vente, yachts location, gestion yacht","description":"Luxury Yacht Tender - NTK Marine : Yachts \u00e0 la vente, yachts location, gestion yacht","potentialAction":[{"@type":"SearchAction","target":{"@type":"EntryPoint","urlTemplate":"https:\/\/ntkmarine.com\/?s={search_term_string}"},"query-input":"required name=search_term_string"}],"inLanguage":"en-US"},{"@type":"ImageObject","inLanguage":"en-US","@id":"https:\/\/ntkmarine.com\/en\/partners\/#primaryimage","url":"https:\/\/ntkmarine.com\/wp-content\/uploads\/2024\/06\/logo-Dayboat24-2.jpg","contentUrl":"https:\/\/ntkmarine.com\/wp-content\/uploads\/2024\/06\/logo-Dayboat24-2.jpg","width":1309,"height":413},{"@type":"WebPage","@id":"https:\/\/ntkmarine.com\/en\/partners\/","url":"https:\/\/ntkmarine.com\/en\/partners\/","name":"Partnership NTK Marine VanDutch Yacht","isPartOf":{"@id":"https:\/\/ntkmarine.com\/#website"},"primaryImageOfPage":{"@id":"https:\/\/ntkmarine.com\/en\/partners\/#primaryimage"},"datePublished":"2014-11-18T11:26:40+00:00","dateModified":"2024-06-04T22:47:07+00:00","description":"Partnership NTK Marine VanDutch Yacht. NTK Marine holds events and partnerships that exemplify innovation, tradition and design.","breadcrumb":{"@id":"https:\/\/ntkmarine.com\/en\/partners\/#breadcrumb"},"inLanguage":"en-US","potentialAction":[{"@type":"ReadAction","target":["https:\/\/ntkmarine.com\/en\/partners\/"]}]},{"@type":"BreadcrumbList","@id":"https:\/\/ntkmarine.com\/en\/partners\/#breadcrumb","itemListElement":[{"@type":"ListItem","position":1,"name":"Accueil","item":"https:\/\/ntkmarine.com\/"},{"@type":"ListItem","position":2,"name":"Partners"}]}]}},"_links":{"self":[{"href":"https:\/\/ntkmarine.com\/en\/wp-json\/wp\/v2\/pages\/976"}],"collection":[{"href":"https:\/\/ntkmarine.com\/en\/wp-json\/wp\/v2\/pages"}],"about":[{"href":"https:\/\/ntkmarine.com\/en\/wp-json\/wp\/v2\/types\/page"}],"author":[{"embeddable":true,"href":"https:\/\/ntkmarine.com\/en\/wp-json\/wp\/v2\/users\/4"}],"replies":[{"embeddable":true,"href":"https:\/\/ntkmarine.com\/en\/wp-json\/wp\/v2\/comments?post=976"}],"version-history":[{"count":52,"href":"https:\/\/ntkmarine.com\/en\/wp-json\/wp\/v2\/pages\/976\/revisions"}],"predecessor-version":[{"id":6014,"href":"https:\/\/ntkmarine.com\/en\/wp-json\/wp\/v2\/pages\/976\/revisions\/6014"}],"wp:attachment":[{"href":"https:\/\/ntkmarine.com\/en\/wp-json\/wp\/v2\/media?parent=976"}],"curies":[{"name":"wp","href":"https:\/\/api.w.org\/{rel}","templated":true}]}}