{"id":4002,"date":"2018-05-02T16:03:08","date_gmt":"2018-05-02T15:03:08","guid":{"rendered":"http:\/\/ntkmarine.com\/fr\/?page_id=4002"},"modified":"2018-05-04T17:46:07","modified_gmt":"2018-05-04T16:46:07","slug":"refit","status":"publish","type":"page","link":"https:\/\/ntkmarine.com\/en\/refit\/","title":{"rendered":"Refit"},"content":{"rendered":"<p><\/p>\n<p style=\"text-align: center;\"><strong>R E F I T <\/strong><\/p>\n<p style=\"text-align: center;\"><a href=\"http:\/\/ntkmarine.com\/wp-content\/uploads\/2018\/05\/shipyard-VD-55-chantier-2.jpg\"><img loading=\"lazy\" class=\"alignnone wp-image-4019\" src=\"http:\/\/ntkmarine.com\/wp-content\/uploads\/2018\/05\/shipyard-VD-55-chantier-2-240x300.jpg\" alt=\"\" width=\"200\" height=\"250\" srcset=\"https:\/\/ntkmarine.com\/wp-content\/uploads\/2018\/05\/shipyard-VD-55-chantier-2-240x300.jpg 240w, https:\/\/ntkmarine.com\/wp-content\/uploads\/2018\/05\/shipyard-VD-55-chantier-2-300x375.jpg 300w, https:\/\/ntkmarine.com\/wp-content\/uploads\/2018\/05\/shipyard-VD-55-chantier-2.jpg 640w\" sizes=\"(max-width: 200px) 100vw, 200px\" \/>\u00a0\u00a0<\/a><a href=\"http:\/\/ntkmarine.com\/wp-content\/uploads\/2018\/05\/VD-55-shipyard-chantier.jpg\"><img loading=\"lazy\" class=\"alignnone wp-image-4017\" src=\"http:\/\/ntkmarine.com\/wp-content\/uploads\/2018\/05\/VD-55-shipyard-chantier-300x161.jpg\" alt=\"\" width=\"463\" height=\"248\" srcset=\"https:\/\/ntkmarine.com\/wp-content\/uploads\/2018\/05\/VD-55-shipyard-chantier-300x161.jpg 300w, https:\/\/ntkmarine.com\/wp-content\/uploads\/2018\/05\/VD-55-shipyard-chantier.jpg 565w\" sizes=\"(max-width: 463px) 100vw, 463px\" \/><\/a><\/p>\n<p style=\"text-align: center;\">Want to give your yacht a fresh look or add some customized options? Thanks to our proficiency and specialized technical teams, you can adjust your yacht according to your preferences and desires.<\/p>\n<p style=\"text-align: center;\">NTK Marine will provide you the necessary assistance in every step of your renovation project. We already offer a wide range of services to modernize your boat:<\/p>\n<p style=\"text-align: center;\">&#8211; Naval architecture<\/p>\n<p style=\"text-align: center;\">&#8211; 3D rendering<\/p>\n<p style=\"text-align: center;\">&#8211; Design and decoration<\/p>\n<p style=\"text-align: center;\">&#8211; Interior fitting<\/p>\n<p style=\"text-align: center;\">&#8211; Electronic Equipment<\/p>\n<p style=\"text-align: center;\">Our team will manage the required refit on your yacht according to your request.<\/p>\n<p><\/p>","protected":false},"excerpt":{"rendered":"<p>R E F I T \u00a0\u00a0 Want to give your yacht a fresh look or add some customized options? Thanks to our proficiency and specialized technical teams, you can adjust your yacht according to your preferences and desires. NTK Marine will provide you the necessary assistance in every step of your renovation project. We already [&hellip;]<\/p>\n","protected":false},"author":1,"featured_media":0,"parent":0,"menu_order":0,"comment_status":"closed","ping_status":"closed","template":"","meta":[],"yoast_head":"<!-- This site is optimized with the Yoast SEO plugin v19.3 - https:\/\/yoast.com\/wordpress\/plugins\/seo\/ -->\n<title>Refit - NTK Marine : Yachts \u00e0 la vente, yachts location, gestion yacht<\/title>\n<meta name=\"description\" content=\"NTK Marine vous assiste dans chaque \u00e9tape de votre projet de r\u00e9novation avec des conseils adapt\u00e9s. Gr\u00e2ce \u00e0 notre expertise et nos \u00e9quipes techniques sp\u00e9cialis\u00e9es, vous pouvez modifier votre yacht selon vos gouts et vos envies.\" \/>\n<meta name=\"robots\" content=\"index, follow, max-snippet:-1, max-image-preview:large, max-video-preview:-1\" \/>\n<link rel=\"canonical\" href=\"https:\/\/ntkmarine.com\/refit\/\" \/>\n<meta property=\"og:locale\" content=\"en_US\" \/>\n<meta property=\"og:type\" content=\"article\" \/>\n<meta property=\"og:title\" content=\"Refit - NTK Marine : Yachts \u00e0 la vente, yachts location, gestion yacht\" \/>\n<meta property=\"og:description\" content=\"NTK Marine vous assiste dans chaque \u00e9tape de votre projet de r\u00e9novation avec des conseils adapt\u00e9s. Gr\u00e2ce \u00e0 notre expertise et nos \u00e9quipes techniques sp\u00e9cialis\u00e9es, vous pouvez modifier votre yacht selon vos gouts et vos envies.\" \/>\n<meta property=\"og:url\" content=\"https:\/\/ntkmarine.com\/refit\/\" \/>\n<meta property=\"og:site_name\" content=\"NTK Marine : Yachts \u00e0 la vente, yachts location, gestion yacht\" \/>\n<meta property=\"article:publisher\" content=\"https:\/\/www.facebook.com\/ntkmarine\" \/>\n<meta property=\"article:modified_time\" content=\"2018-05-04T16:46:07+00:00\" \/>\n<meta property=\"og:image\" content=\"http:\/\/ntkmarine.com\/wp-content\/uploads\/2018\/05\/shipyard-VD-55-chantier-2-240x300.jpg\" \/>\n<meta name=\"twitter:card\" content=\"summary\" \/>\n<meta name=\"twitter:site\" content=\"@VanDutch_Marine\" \/>\n<meta name=\"twitter:label1\" content=\"Est. reading time\" \/>\n\t<meta name=\"twitter:data1\" content=\"1 minute\" \/>\n<script type=\"application\/ld+json\" class=\"yoast-schema-graph\">{\"@context\":\"https:\/\/schema.org\",\"@graph\":[{\"@type\":\"WebSite\",\"@id\":\"https:\/\/ntkmarine.com\/#website\",\"url\":\"https:\/\/ntkmarine.com\/\",\"name\":\"NTK Marine : Yachts \u00e0 la vente, yachts location, gestion yacht\",\"description\":\"Luxury Yacht Tender - NTK Marine : Yachts \u00e0 la vente, yachts location, gestion yacht\",\"potentialAction\":[{\"@type\":\"SearchAction\",\"target\":{\"@type\":\"EntryPoint\",\"urlTemplate\":\"https:\/\/ntkmarine.com\/?s={search_term_string}\"},\"query-input\":\"required name=search_term_string\"}],\"inLanguage\":\"en-US\"},{\"@type\":\"ImageObject\",\"inLanguage\":\"en-US\",\"@id\":\"https:\/\/ntkmarine.com\/refit\/#primaryimage\",\"url\":\"http:\/\/ntkmarine.com\/wp-content\/uploads\/2018\/05\/shipyard-VD-55-chantier-2-240x300.jpg\",\"contentUrl\":\"http:\/\/ntkmarine.com\/wp-content\/uploads\/2018\/05\/shipyard-VD-55-chantier-2-240x300.jpg\"},{\"@type\":\"WebPage\",\"@id\":\"https:\/\/ntkmarine.com\/refit\/\",\"url\":\"https:\/\/ntkmarine.com\/refit\/\",\"name\":\"Refit - NTK Marine : Yachts \u00e0 la vente, yachts location, gestion yacht\",\"isPartOf\":{\"@id\":\"https:\/\/ntkmarine.com\/#website\"},\"primaryImageOfPage\":{\"@id\":\"https:\/\/ntkmarine.com\/refit\/#primaryimage\"},\"datePublished\":\"2018-05-02T15:03:08+00:00\",\"dateModified\":\"2018-05-04T16:46:07+00:00\",\"description\":\"NTK Marine vous assiste dans chaque \u00e9tape de votre projet de r\u00e9novation avec des conseils adapt\u00e9s. Gr\u00e2ce \u00e0 notre expertise et nos \u00e9quipes techniques sp\u00e9cialis\u00e9es, vous pouvez modifier votre yacht selon vos gouts et vos envies.\",\"breadcrumb\":{\"@id\":\"https:\/\/ntkmarine.com\/refit\/#breadcrumb\"},\"inLanguage\":\"en-US\",\"potentialAction\":[{\"@type\":\"ReadAction\",\"target\":[\"https:\/\/ntkmarine.com\/refit\/\"]}]},{\"@type\":\"BreadcrumbList\",\"@id\":\"https:\/\/ntkmarine.com\/refit\/#breadcrumb\",\"itemListElement\":[{\"@type\":\"ListItem\",\"position\":1,\"name\":\"Accueil\",\"item\":\"https:\/\/ntkmarine.com\/\"},{\"@type\":\"ListItem\",\"position\":2,\"name\":\"Refit\"}]}]}<\/script>\n<!-- \/ Yoast SEO plugin. -->","yoast_head_json":{"title":"Refit - NTK Marine : Yachts \u00e0 la vente, yachts location, gestion yacht","description":"NTK Marine vous assiste dans chaque \u00e9tape de votre projet de r\u00e9novation avec des conseils adapt\u00e9s. Gr\u00e2ce \u00e0 notre expertise et nos \u00e9quipes techniques sp\u00e9cialis\u00e9es, vous pouvez modifier votre yacht selon vos gouts et vos envies.","robots":{"index":"index","follow":"follow","max-snippet":"max-snippet:-1","max-image-preview":"max-image-preview:large","max-video-preview":"max-video-preview:-1"},"canonical":"https:\/\/ntkmarine.com\/refit\/","og_locale":"en_US","og_type":"article","og_title":"Refit - NTK Marine : Yachts \u00e0 la vente, yachts location, gestion yacht","og_description":"NTK Marine vous assiste dans chaque \u00e9tape de votre projet de r\u00e9novation avec des conseils adapt\u00e9s. Gr\u00e2ce \u00e0 notre expertise et nos \u00e9quipes techniques sp\u00e9cialis\u00e9es, vous pouvez modifier votre yacht selon vos gouts et vos envies.","og_url":"https:\/\/ntkmarine.com\/refit\/","og_site_name":"NTK Marine : Yachts \u00e0 la vente, yachts location, gestion yacht","article_publisher":"https:\/\/www.facebook.com\/ntkmarine","article_modified_time":"2018-05-04T16:46:07+00:00","og_image":[{"url":"http:\/\/ntkmarine.com\/wp-content\/uploads\/2018\/05\/shipyard-VD-55-chantier-2-240x300.jpg"}],"twitter_card":"summary","twitter_site":"@VanDutch_Marine","twitter_misc":{"Est. reading time":"1 minute"},"schema":{"@context":"https:\/\/schema.org","@graph":[{"@type":"WebSite","@id":"https:\/\/ntkmarine.com\/#website","url":"https:\/\/ntkmarine.com\/","name":"NTK Marine : Yachts \u00e0 la vente, yachts location, gestion yacht","description":"Luxury Yacht Tender - NTK Marine : Yachts \u00e0 la vente, yachts location, gestion yacht","potentialAction":[{"@type":"SearchAction","target":{"@type":"EntryPoint","urlTemplate":"https:\/\/ntkmarine.com\/?s={search_term_string}"},"query-input":"required name=search_term_string"}],"inLanguage":"en-US"},{"@type":"ImageObject","inLanguage":"en-US","@id":"https:\/\/ntkmarine.com\/refit\/#primaryimage","url":"http:\/\/ntkmarine.com\/wp-content\/uploads\/2018\/05\/shipyard-VD-55-chantier-2-240x300.jpg","contentUrl":"http:\/\/ntkmarine.com\/wp-content\/uploads\/2018\/05\/shipyard-VD-55-chantier-2-240x300.jpg"},{"@type":"WebPage","@id":"https:\/\/ntkmarine.com\/refit\/","url":"https:\/\/ntkmarine.com\/refit\/","name":"Refit - NTK Marine : Yachts \u00e0 la vente, yachts location, gestion yacht","isPartOf":{"@id":"https:\/\/ntkmarine.com\/#website"},"primaryImageOfPage":{"@id":"https:\/\/ntkmarine.com\/refit\/#primaryimage"},"datePublished":"2018-05-02T15:03:08+00:00","dateModified":"2018-05-04T16:46:07+00:00","description":"NTK Marine vous assiste dans chaque \u00e9tape de votre projet de r\u00e9novation avec des conseils adapt\u00e9s. Gr\u00e2ce \u00e0 notre expertise et nos \u00e9quipes techniques sp\u00e9cialis\u00e9es, vous pouvez modifier votre yacht selon vos gouts et vos envies.","breadcrumb":{"@id":"https:\/\/ntkmarine.com\/refit\/#breadcrumb"},"inLanguage":"en-US","potentialAction":[{"@type":"ReadAction","target":["https:\/\/ntkmarine.com\/refit\/"]}]},{"@type":"BreadcrumbList","@id":"https:\/\/ntkmarine.com\/refit\/#breadcrumb","itemListElement":[{"@type":"ListItem","position":1,"name":"Accueil","item":"https:\/\/ntkmarine.com\/"},{"@type":"ListItem","position":2,"name":"Refit"}]}]}},"_links":{"self":[{"href":"https:\/\/ntkmarine.com\/en\/wp-json\/wp\/v2\/pages\/4002"}],"collection":[{"href":"https:\/\/ntkmarine.com\/en\/wp-json\/wp\/v2\/pages"}],"about":[{"href":"https:\/\/ntkmarine.com\/en\/wp-json\/wp\/v2\/types\/page"}],"author":[{"embeddable":true,"href":"https:\/\/ntkmarine.com\/en\/wp-json\/wp\/v2\/users\/1"}],"replies":[{"embeddable":true,"href":"https:\/\/ntkmarine.com\/en\/wp-json\/wp\/v2\/comments?post=4002"}],"version-history":[{"count":1,"href":"https:\/\/ntkmarine.com\/en\/wp-json\/wp\/v2\/pages\/4002\/revisions"}],"predecessor-version":[{"id":4043,"href":"https:\/\/ntkmarine.com\/en\/wp-json\/wp\/v2\/pages\/4002\/revisions\/4043"}],"wp:attachment":[{"href":"https:\/\/ntkmarine.com\/en\/wp-json\/wp\/v2\/media?parent=4002"}],"curies":[{"name":"wp","href":"https:\/\/api.w.org\/{rel}","templated":true}]}}