{"id":3993,"date":"2018-05-02T15:42:39","date_gmt":"2018-05-02T14:42:39","guid":{"rendered":"http:\/\/ntkmarine.com\/fr\/?page_id=3993"},"modified":"2024-05-08T10:40:28","modified_gmt":"2024-05-08T09:40:28","slug":"maintenance","status":"publish","type":"page","link":"https:\/\/ntkmarine.com\/en\/maintenance\/","title":{"rendered":"Maintenance"},"content":{"rendered":"<p><\/p>\n<p style=\"text-align: left;\">The maintenance of your vessels is an important process that requires a meticulous regular work.Thanks to our professional team, NTK Marine ensure you the adequate maintenance operations to your yacht throughout the French Riviera. Our cooperation with the best shipyards and maintenance subcontractors in the region, we offer a complete yacht management. Our omnipresence and our technical skills enable us to carry out the necessary maintenance and repair for your boat.<\/p>\n<p style=\"text-align: left;\">We propose a multitude of complete high-end services:<\/p>\n<p style=\"text-align: left;\">&#8211; Engine Services<\/p>\n<p style=\"text-align: left;\">&#8211; Fairing and antifouling<\/p>\n<p style=\"text-align: left;\">&#8211; Interior and exterior cleaning<\/p>\n<p style=\"text-align: left;\">&#8211; Polish<\/p>\n<p style=\"text-align: left;\">&#8211; Security equipment check<\/p>\n<p style=\"text-align: left;\">With custom-made services, you can benefit from our tailored advices and choose the kind of intervention that corresponds the most to your needs.<\/p>\n<p><\/p>","protected":false},"excerpt":{"rendered":"<p>The maintenance of your vessels is an important process that requires a meticulous regular work.Thanks to our professional team, NTK Marine ensure you the adequate maintenance operations to your yacht throughout the French Riviera. Our cooperation with the best shipyards and maintenance subcontractors in the region, we offer a complete yacht management. Our omnipresence and [&hellip;]<\/p>\n","protected":false},"author":1,"featured_media":0,"parent":0,"menu_order":0,"comment_status":"closed","ping_status":"closed","template":"","meta":[],"yoast_head":"<!-- This site is optimized with the Yoast SEO plugin v19.3 - https:\/\/yoast.com\/wordpress\/plugins\/seo\/ -->\n<title>Maintenance<\/title>\n<meta name=\"description\" content=\"Confiez la maintenance de vos yachts \u00e0 NTK Marine. Nous disposons d\u2019une \u00e9quipe exp\u00e9riment\u00e9e et les meilleurs sous-traitants de la r\u00e9gion dans la gestion et entretien de yacht.\" \/>\n<meta name=\"robots\" content=\"index, follow, max-snippet:-1, max-image-preview:large, max-video-preview:-1\" \/>\n<link rel=\"canonical\" href=\"https:\/\/ntkmarine.com\/maintenance\/\" \/>\n<meta property=\"og:locale\" content=\"en_US\" \/>\n<meta property=\"og:type\" content=\"article\" \/>\n<meta property=\"og:title\" content=\"Maintenance\" \/>\n<meta property=\"og:description\" content=\"Confiez la maintenance de vos yachts \u00e0 NTK Marine. Nous disposons d\u2019une \u00e9quipe exp\u00e9riment\u00e9e et les meilleurs sous-traitants de la r\u00e9gion dans la gestion et entretien de yacht.\" \/>\n<meta property=\"og:url\" content=\"https:\/\/ntkmarine.com\/maintenance\/\" \/>\n<meta property=\"og:site_name\" content=\"NTK Marine : Yachts \u00e0 la vente, yachts location, gestion yacht\" \/>\n<meta property=\"article:publisher\" content=\"https:\/\/www.facebook.com\/ntkmarine\" \/>\n<meta property=\"article:modified_time\" content=\"2024-05-08T09:40:28+00:00\" \/>\n<meta name=\"twitter:card\" content=\"summary\" \/>\n<meta name=\"twitter:site\" content=\"@VanDutch_Marine\" \/>\n<meta name=\"twitter:label1\" content=\"Est. reading time\" \/>\n\t<meta name=\"twitter:data1\" content=\"1 minute\" \/>\n<script type=\"application\/ld+json\" class=\"yoast-schema-graph\">{\"@context\":\"https:\/\/schema.org\",\"@graph\":[{\"@type\":\"WebSite\",\"@id\":\"https:\/\/ntkmarine.com\/#website\",\"url\":\"https:\/\/ntkmarine.com\/\",\"name\":\"NTK Marine : Yachts \u00e0 la vente, yachts location, gestion yacht\",\"description\":\"Luxury Yacht Tender - NTK Marine : Yachts \u00e0 la vente, yachts location, gestion yacht\",\"potentialAction\":[{\"@type\":\"SearchAction\",\"target\":{\"@type\":\"EntryPoint\",\"urlTemplate\":\"https:\/\/ntkmarine.com\/?s={search_term_string}\"},\"query-input\":\"required name=search_term_string\"}],\"inLanguage\":\"en-US\"},{\"@type\":\"WebPage\",\"@id\":\"https:\/\/ntkmarine.com\/maintenance\/\",\"url\":\"https:\/\/ntkmarine.com\/maintenance\/\",\"name\":\"Maintenance\",\"isPartOf\":{\"@id\":\"https:\/\/ntkmarine.com\/#website\"},\"datePublished\":\"2018-05-02T14:42:39+00:00\",\"dateModified\":\"2024-05-08T09:40:28+00:00\",\"description\":\"Confiez la maintenance de vos yachts \u00e0 NTK Marine. Nous disposons d\u2019une \u00e9quipe exp\u00e9riment\u00e9e et les meilleurs sous-traitants de la r\u00e9gion dans la gestion et entretien de yacht.\",\"breadcrumb\":{\"@id\":\"https:\/\/ntkmarine.com\/maintenance\/#breadcrumb\"},\"inLanguage\":\"en-US\",\"potentialAction\":[{\"@type\":\"ReadAction\",\"target\":[\"https:\/\/ntkmarine.com\/maintenance\/\"]}]},{\"@type\":\"BreadcrumbList\",\"@id\":\"https:\/\/ntkmarine.com\/maintenance\/#breadcrumb\",\"itemListElement\":[{\"@type\":\"ListItem\",\"position\":1,\"name\":\"Accueil\",\"item\":\"https:\/\/ntkmarine.com\/\"},{\"@type\":\"ListItem\",\"position\":2,\"name\":\"Maintenance\"}]}]}<\/script>\n<!-- \/ Yoast SEO plugin. -->","yoast_head_json":{"title":"Maintenance","description":"Confiez la maintenance de vos yachts \u00e0 NTK Marine. Nous disposons d\u2019une \u00e9quipe exp\u00e9riment\u00e9e et les meilleurs sous-traitants de la r\u00e9gion dans la gestion et entretien de yacht.","robots":{"index":"index","follow":"follow","max-snippet":"max-snippet:-1","max-image-preview":"max-image-preview:large","max-video-preview":"max-video-preview:-1"},"canonical":"https:\/\/ntkmarine.com\/maintenance\/","og_locale":"en_US","og_type":"article","og_title":"Maintenance","og_description":"Confiez la maintenance de vos yachts \u00e0 NTK Marine. Nous disposons d\u2019une \u00e9quipe exp\u00e9riment\u00e9e et les meilleurs sous-traitants de la r\u00e9gion dans la gestion et entretien de yacht.","og_url":"https:\/\/ntkmarine.com\/maintenance\/","og_site_name":"NTK Marine : Yachts \u00e0 la vente, yachts location, gestion yacht","article_publisher":"https:\/\/www.facebook.com\/ntkmarine","article_modified_time":"2024-05-08T09:40:28+00:00","twitter_card":"summary","twitter_site":"@VanDutch_Marine","twitter_misc":{"Est. reading time":"1 minute"},"schema":{"@context":"https:\/\/schema.org","@graph":[{"@type":"WebSite","@id":"https:\/\/ntkmarine.com\/#website","url":"https:\/\/ntkmarine.com\/","name":"NTK Marine : Yachts \u00e0 la vente, yachts location, gestion yacht","description":"Luxury Yacht Tender - NTK Marine : Yachts \u00e0 la vente, yachts location, gestion yacht","potentialAction":[{"@type":"SearchAction","target":{"@type":"EntryPoint","urlTemplate":"https:\/\/ntkmarine.com\/?s={search_term_string}"},"query-input":"required name=search_term_string"}],"inLanguage":"en-US"},{"@type":"WebPage","@id":"https:\/\/ntkmarine.com\/maintenance\/","url":"https:\/\/ntkmarine.com\/maintenance\/","name":"Maintenance","isPartOf":{"@id":"https:\/\/ntkmarine.com\/#website"},"datePublished":"2018-05-02T14:42:39+00:00","dateModified":"2024-05-08T09:40:28+00:00","description":"Confiez la maintenance de vos yachts \u00e0 NTK Marine. Nous disposons d\u2019une \u00e9quipe exp\u00e9riment\u00e9e et les meilleurs sous-traitants de la r\u00e9gion dans la gestion et entretien de yacht.","breadcrumb":{"@id":"https:\/\/ntkmarine.com\/maintenance\/#breadcrumb"},"inLanguage":"en-US","potentialAction":[{"@type":"ReadAction","target":["https:\/\/ntkmarine.com\/maintenance\/"]}]},{"@type":"BreadcrumbList","@id":"https:\/\/ntkmarine.com\/maintenance\/#breadcrumb","itemListElement":[{"@type":"ListItem","position":1,"name":"Accueil","item":"https:\/\/ntkmarine.com\/"},{"@type":"ListItem","position":2,"name":"Maintenance"}]}]}},"_links":{"self":[{"href":"https:\/\/ntkmarine.com\/en\/wp-json\/wp\/v2\/pages\/3993"}],"collection":[{"href":"https:\/\/ntkmarine.com\/en\/wp-json\/wp\/v2\/pages"}],"about":[{"href":"https:\/\/ntkmarine.com\/en\/wp-json\/wp\/v2\/types\/page"}],"author":[{"embeddable":true,"href":"https:\/\/ntkmarine.com\/en\/wp-json\/wp\/v2\/users\/1"}],"replies":[{"embeddable":true,"href":"https:\/\/ntkmarine.com\/en\/wp-json\/wp\/v2\/comments?post=3993"}],"version-history":[{"count":3,"href":"https:\/\/ntkmarine.com\/en\/wp-json\/wp\/v2\/pages\/3993\/revisions"}],"predecessor-version":[{"id":5928,"href":"https:\/\/ntkmarine.com\/en\/wp-json\/wp\/v2\/pages\/3993\/revisions\/5928"}],"wp:attachment":[{"href":"https:\/\/ntkmarine.com\/en\/wp-json\/wp\/v2\/media?parent=3993"}],"curies":[{"name":"wp","href":"https:\/\/api.w.org\/{rel}","templated":true}]}}