{"id":36,"date":"2014-07-30T19:30:49","date_gmt":"2014-07-30T18:30:49","guid":{"rendered":"http:\/\/ntkmarine.com\/?page_id=36"},"modified":"2014-08-28T11:04:38","modified_gmt":"2014-08-28T10:04:38","slug":"location-bateau-yachts-luxe-antibes","status":"publish","type":"page","link":"https:\/\/ntkmarine.com\/en\/antibes-yacht-charter\/","title":{"rendered":"ANTIBES YACHT CHARTER"},"content":{"rendered":"<p>Chartering in luxury yachts on the French Riviera<\/p>\n<h3><span style=\"text-decoration: underline;\">Charter Cannes<\/span><\/h3>\n<p>Selected to anticipate your every need, our yachts for rent allow you to enjoy the bay Cannoise. Be ready for the biggest events in Cannes, NTK Marine wish you a good trip for your <b>yacht charter Cannes<\/b>&#8230;<\/p>\n<p>NTK Marine offers boat for your needs, whether family, with friends, to organize an event (wedding, seminar &#8230;) <span style=\"text-decoration: underline;\">your charter Cannes will be perfect<\/span>, a day like no more &#8230;<\/p>\n<h1><i>Discover our yacht for chartering in Cannes:<\/i><\/h1>\n<p><i>You would like more informations about our Cannes Charters ?<\/i><\/p>\n<h1 align=\"center\"><span style=\"text-decoration: underline;\">Contact NTK Marine specialized on French Riviera charter !<\/span><\/h1>\n<p><\/p>","protected":false},"excerpt":{"rendered":"<p>Chartering in luxury yachts on the French Riviera Charter Cannes Selected to anticipate your every need, our yachts for rent allow you to enjoy the bay Cannoise. Be ready for the biggest events in Cannes, NTK Marine wish you a good trip for your yacht charter Cannes&#8230; NTK Marine offers boat for your needs, whether [&hellip;]<\/p>\n","protected":false},"author":4,"featured_media":0,"parent":0,"menu_order":0,"comment_status":"open","ping_status":"open","template":"","meta":[],"yoast_head":"<!-- This site is optimized with the Yoast SEO plugin v19.3 - https:\/\/yoast.com\/wordpress\/plugins\/seo\/ -->\n<title>Location bateau et Yachts de luxe \u00e0 Antibes<\/title>\n<meta name=\"description\" content=\"Location bateau et Yachts de luxe \u00e0 Antibes : NTK Marine vous propose de louer votre yachts design, luxe et moderne \u00e0 Antibes\" \/>\n<meta name=\"robots\" content=\"index, follow, max-snippet:-1, max-image-preview:large, max-video-preview:-1\" \/>\n<link rel=\"canonical\" href=\"https:\/\/ntkmarine.com\/location-bateau-antibes\/\" \/>\n<meta property=\"og:locale\" content=\"en_US\" \/>\n<meta property=\"og:type\" content=\"article\" \/>\n<meta property=\"og:title\" content=\"Location bateau et Yachts de luxe \u00e0 Antibes\" \/>\n<meta property=\"og:description\" content=\"Location bateau et Yachts de luxe \u00e0 Antibes : NTK Marine vous propose de louer votre yachts design, luxe et moderne \u00e0 Antibes\" \/>\n<meta property=\"og:url\" content=\"https:\/\/ntkmarine.com\/location-bateau-antibes\/\" \/>\n<meta property=\"og:site_name\" content=\"NTK Marine : Yachts \u00e0 la vente, yachts location, gestion yacht\" \/>\n<meta property=\"article:publisher\" content=\"https:\/\/www.facebook.com\/ntkmarine\" \/>\n<meta property=\"article:modified_time\" content=\"2014-08-28T10:04:38+00:00\" \/>\n<meta name=\"twitter:card\" content=\"summary\" \/>\n<meta name=\"twitter:site\" content=\"@VanDutch_Marine\" \/>\n<meta name=\"twitter:label1\" content=\"Est. reading time\" \/>\n\t<meta name=\"twitter:data1\" content=\"1 minute\" \/>\n<script type=\"application\/ld+json\" class=\"yoast-schema-graph\">{\"@context\":\"https:\/\/schema.org\",\"@graph\":[{\"@type\":\"WebSite\",\"@id\":\"https:\/\/ntkmarine.com\/#website\",\"url\":\"https:\/\/ntkmarine.com\/\",\"name\":\"NTK Marine : Yachts \u00e0 la vente, yachts location, gestion yacht\",\"description\":\"Luxury Yacht Tender - NTK Marine : Yachts \u00e0 la vente, yachts location, gestion yacht\",\"potentialAction\":[{\"@type\":\"SearchAction\",\"target\":{\"@type\":\"EntryPoint\",\"urlTemplate\":\"https:\/\/ntkmarine.com\/?s={search_term_string}\"},\"query-input\":\"required name=search_term_string\"}],\"inLanguage\":\"en-US\"},{\"@type\":\"WebPage\",\"@id\":\"https:\/\/ntkmarine.com\/location-bateau-antibes\/\",\"url\":\"https:\/\/ntkmarine.com\/location-bateau-antibes\/\",\"name\":\"Location bateau et Yachts de luxe \u00e0 Antibes\",\"isPartOf\":{\"@id\":\"https:\/\/ntkmarine.com\/#website\"},\"datePublished\":\"2014-07-30T18:30:49+00:00\",\"dateModified\":\"2014-08-28T10:04:38+00:00\",\"description\":\"Location bateau et Yachts de luxe \u00e0 Antibes : NTK Marine vous propose de louer votre yachts design, luxe et moderne \u00e0 Antibes\",\"breadcrumb\":{\"@id\":\"https:\/\/ntkmarine.com\/location-bateau-antibes\/#breadcrumb\"},\"inLanguage\":\"en-US\",\"potentialAction\":[{\"@type\":\"ReadAction\",\"target\":[\"https:\/\/ntkmarine.com\/location-bateau-antibes\/\"]}]},{\"@type\":\"BreadcrumbList\",\"@id\":\"https:\/\/ntkmarine.com\/location-bateau-antibes\/#breadcrumb\",\"itemListElement\":[{\"@type\":\"ListItem\",\"position\":1,\"name\":\"Accueil\",\"item\":\"https:\/\/ntkmarine.com\/\"},{\"@type\":\"ListItem\",\"position\":2,\"name\":\"Location bateau et Yachts de luxe \u00e0 Antibes\"}]}]}<\/script>\n<!-- \/ Yoast SEO plugin. -->","yoast_head_json":{"title":"Location bateau et Yachts de luxe \u00e0 Antibes","description":"Location bateau et Yachts de luxe \u00e0 Antibes : NTK Marine vous propose de louer votre yachts design, luxe et moderne \u00e0 Antibes","robots":{"index":"index","follow":"follow","max-snippet":"max-snippet:-1","max-image-preview":"max-image-preview:large","max-video-preview":"max-video-preview:-1"},"canonical":"https:\/\/ntkmarine.com\/location-bateau-antibes\/","og_locale":"en_US","og_type":"article","og_title":"Location bateau et Yachts de luxe \u00e0 Antibes","og_description":"Location bateau et Yachts de luxe \u00e0 Antibes : NTK Marine vous propose de louer votre yachts design, luxe et moderne \u00e0 Antibes","og_url":"https:\/\/ntkmarine.com\/location-bateau-antibes\/","og_site_name":"NTK Marine : Yachts \u00e0 la vente, yachts location, gestion yacht","article_publisher":"https:\/\/www.facebook.com\/ntkmarine","article_modified_time":"2014-08-28T10:04:38+00:00","twitter_card":"summary","twitter_site":"@VanDutch_Marine","twitter_misc":{"Est. reading time":"1 minute"},"schema":{"@context":"https:\/\/schema.org","@graph":[{"@type":"WebSite","@id":"https:\/\/ntkmarine.com\/#website","url":"https:\/\/ntkmarine.com\/","name":"NTK Marine : Yachts \u00e0 la vente, yachts location, gestion yacht","description":"Luxury Yacht Tender - NTK Marine : Yachts \u00e0 la vente, yachts location, gestion yacht","potentialAction":[{"@type":"SearchAction","target":{"@type":"EntryPoint","urlTemplate":"https:\/\/ntkmarine.com\/?s={search_term_string}"},"query-input":"required name=search_term_string"}],"inLanguage":"en-US"},{"@type":"WebPage","@id":"https:\/\/ntkmarine.com\/location-bateau-antibes\/","url":"https:\/\/ntkmarine.com\/location-bateau-antibes\/","name":"Location bateau et Yachts de luxe \u00e0 Antibes","isPartOf":{"@id":"https:\/\/ntkmarine.com\/#website"},"datePublished":"2014-07-30T18:30:49+00:00","dateModified":"2014-08-28T10:04:38+00:00","description":"Location bateau et Yachts de luxe \u00e0 Antibes : NTK Marine vous propose de louer votre yachts design, luxe et moderne \u00e0 Antibes","breadcrumb":{"@id":"https:\/\/ntkmarine.com\/location-bateau-antibes\/#breadcrumb"},"inLanguage":"en-US","potentialAction":[{"@type":"ReadAction","target":["https:\/\/ntkmarine.com\/location-bateau-antibes\/"]}]},{"@type":"BreadcrumbList","@id":"https:\/\/ntkmarine.com\/location-bateau-antibes\/#breadcrumb","itemListElement":[{"@type":"ListItem","position":1,"name":"Accueil","item":"https:\/\/ntkmarine.com\/"},{"@type":"ListItem","position":2,"name":"Location bateau et Yachts de luxe \u00e0 Antibes"}]}]}},"_links":{"self":[{"href":"https:\/\/ntkmarine.com\/en\/wp-json\/wp\/v2\/pages\/36"}],"collection":[{"href":"https:\/\/ntkmarine.com\/en\/wp-json\/wp\/v2\/pages"}],"about":[{"href":"https:\/\/ntkmarine.com\/en\/wp-json\/wp\/v2\/types\/page"}],"author":[{"embeddable":true,"href":"https:\/\/ntkmarine.com\/en\/wp-json\/wp\/v2\/users\/4"}],"replies":[{"embeddable":true,"href":"https:\/\/ntkmarine.com\/en\/wp-json\/wp\/v2\/comments?post=36"}],"version-history":[{"count":3,"href":"https:\/\/ntkmarine.com\/en\/wp-json\/wp\/v2\/pages\/36\/revisions"}],"predecessor-version":[{"id":716,"href":"https:\/\/ntkmarine.com\/en\/wp-json\/wp\/v2\/pages\/36\/revisions\/716"}],"wp:attachment":[{"href":"https:\/\/ntkmarine.com\/en\/wp-json\/wp\/v2\/media?parent=36"}],"curies":[{"name":"wp","href":"https:\/\/api.w.org\/{rel}","templated":true}]}}